{"id":10,"date":"2025-11-04T11:11:59","date_gmt":"2025-11-04T10:11:59","guid":{"rendered":"https:\/\/asmarcoussis.com\/?page_id=10"},"modified":"2026-03-24T22:14:43","modified_gmt":"2026-03-24T21:14:43","slug":"association-sportive-de-marcoussis","status":"publish","type":"page","link":"https:\/\/asmarcoussis.com\/","title":{"rendered":"Bienvenue sur le site de l&rsquo;Omnisports de MARCOUSSIS"},"content":{"rendered":"\n<div class=\"wp-block-columns is-layout-flex wp-container-core-columns-is-layout-28f84493 wp-block-columns-is-layout-flex\">\n<div class=\"wp-block-column is-layout-flow wp-block-column-is-layout-flow\">\n<figure class=\"wp-block-image aligncenter size-full\"><a href=\"https:\/\/asmarcoussis.com\/?page_id=564\"><img loading=\"lazy\" decoding=\"async\" width=\"301\" height=\"167\" src=\"http:\/\/asmarcoussis.com\/wp-content\/uploads\/2025\/11\/image-29.png\" alt=\"\" class=\"wp-image-319\"\/><\/a><figcaption class=\"wp-element-caption\">Ev\u00e8nements<br>\/<br>Infos<\/figcaption><\/figure>\n<\/div>\n\n\n\n<div class=\"wp-block-column is-layout-flow wp-block-column-is-layout-flow\">\n<figure class=\"wp-block-image aligncenter size-full\"><a href=\"https:\/\/asmarcoussis.com\/?page_id=329\"><img loading=\"lazy\" decoding=\"async\" width=\"273\" height=\"185\" src=\"https:\/\/asmarcoussis.com\/wp-content\/uploads\/2025\/11\/image-63.png\" alt=\"\" class=\"wp-image-442\"\/><\/a><figcaption class=\"wp-element-caption\">Notre Organisation<\/figcaption><\/figure>\n<\/div>\n\n\n\n<div class=\"wp-block-column is-layout-flow wp-block-column-is-layout-flow\">\n<figure class=\"wp-block-image aligncenter size-full is-resized\"><a href=\"https:\/\/asmarcoussis.com\/?page_id=454\"><img loading=\"lazy\" decoding=\"async\" width=\"235\" height=\"214\" src=\"https:\/\/asmarcoussis.com\/wp-content\/uploads\/2025\/11\/image-37.png\" alt=\"\" class=\"wp-image-362\" style=\"aspect-ratio:1.0982248520710058;width:74px;height:auto\"\/><\/a><figcaption class=\"wp-element-caption\">Nos Partenaires<\/figcaption><\/figure>\n<\/div>\n\n\n\n<div class=\"wp-block-column is-layout-flow wp-block-column-is-layout-flow\">\n<figure class=\"wp-block-image aligncenter size-full\"><a href=\"https:\/\/asmarcoussis.com\/?page_id=438\" target=\"_blank\" rel=\" noreferrer noopener\"><img loading=\"lazy\" decoding=\"async\" width=\"709\" height=\"360\" src=\"https:\/\/asmarcoussis.com\/wp-content\/uploads\/2025\/11\/image-38.png\" alt=\"\" class=\"wp-image-365\" srcset=\"https:\/\/asmarcoussis.com\/wp-content\/uploads\/2025\/11\/image-38.png 709w, https:\/\/asmarcoussis.com\/wp-content\/uploads\/2025\/11\/image-38-300x152.png 300w\" sizes=\"auto, (max-width: 709px) 100vw, 709px\" \/><\/a><figcaption class=\"wp-element-caption\"><br>Contact<\/figcaption><\/figure>\n<\/div>\n\n\n\n<div class=\"wp-block-column is-layout-flow wp-block-column-is-layout-flow\"><\/div>\n<\/div>\n\n\n\n<figure class=\"wp-block-image aligncenter size-full\"><a href=\"https:\/\/asmarcoussis.com\/?page_id=447\"><img loading=\"lazy\" decoding=\"async\" width=\"960\" height=\"720\" src=\"https:\/\/asmarcoussis.com\/wp-content\/uploads\/2025\/11\/OMNISPORTS-ASM-18-Sections.jpg\" alt=\"\" class=\"wp-image-14\" srcset=\"https:\/\/asmarcoussis.com\/wp-content\/uploads\/2025\/11\/OMNISPORTS-ASM-18-Sections.jpg 960w, https:\/\/asmarcoussis.com\/wp-content\/uploads\/2025\/11\/OMNISPORTS-ASM-18-Sections-300x225.jpg 300w, https:\/\/asmarcoussis.com\/wp-content\/uploads\/2025\/11\/OMNISPORTS-ASM-18-Sections-768x576.jpg 768w\" sizes=\"auto, (max-width: 960px) 100vw, 960px\" \/><\/a><\/figure>\n\n\n\n<div class=\"wp-block-group alignfull has-global-padding is-layout-constrained wp-container-core-group-is-layout-0c9c989a wp-block-group-is-layout-constrained\" style=\"min-height:0vh;margin-top:0;margin-bottom:0;padding-top:var(--wp--preset--spacing--70);padding-right:var(--wp--preset--spacing--40);padding-bottom:var(--wp--preset--spacing--70);padding-left:var(--wp--preset--spacing--40)\">\n<div class=\"wp-block-group has-global-padding is-layout-constrained wp-container-core-group-is-layout-346627ba wp-block-group-is-layout-constrained\">\n<h2 class=\"wp-block-heading has-text-align-center has-xx-large-font-size\" style=\"margin-right:0;margin-left:0;padding-right:0;padding-left:0\"><strong>Le Mot du Pr\u00e9sident<\/strong><\/h2>\n\n\n\n<p class=\"has-text-align-center has-medium-font-size\"><strong>\u00ab Donner, recevoir, partager : ces vertus fondamentales du sportif sont de toutes les modes, de toutes les \u00e9poques. Elles sont le Sport. \u00bb&nbsp;Aim\u00e9 JACQUET.<\/strong><\/p>\n\n\n\n<p class=\"has-small-font-size\">Tout au long de ces 76 ans d&rsquo;existence, l\u2019A. S. Marcoussis (ASM) les a appliqu\u00e9 avec constance.<br>Ce qui a aid\u00e9 notre association \u00e0 grandir et \u00e0 \u00e9voluer (des sections ont disparu, d\u2019autres se sont institu\u00e9es en association autonome, de nouvelles sections sont apparues).<\/p>\n\n\n\n<p class=\"has-small-font-size\"><strong>Notre omnisports compte aujourd\u2019hui 18 sections g\u00e9r\u00e9es par des salari\u00e9s et surtout des centaines de b\u00e9n\u00e9voles.<\/strong><br><strong>Rendons un hommage appuy\u00e9 \u00e0 tous ces b\u00e9n\u00e9voles qui depuis plus de 75 ans font vivre les diff\u00e9rentes sections. Ils donnent de leur temps pour administrer, arbitrer, encadrer et accompagner.<\/strong><\/p>\n\n\n\n<p class=\"has-small-font-size\">Pour avoir moi-m\u00eame v\u00e9cu la charge de pr\u00e9sident de la section Basket pendant plus de 10 ans, je sais \u00e0 quel point l\u2019investissement sportif demande d\u2019abn\u00e9gation et de sacrifices personnels.<\/p>\n\n\n\n<p class=\"has-small-font-size\"><strong>Au nom de tous les adh\u00e9rents, j\u2019adresse de tr\u00e8s sinc\u00e8res remerciements \u00e0 tous ces b\u00e9n\u00e9voles, ainsi qu\u2019\u00e0 leurs proches qui doivent faire avec leur absence.<\/strong><\/p>\n\n\n\n<p class=\"has-small-font-size\"><strong>La recherche de l\u2019int\u00e9r\u00eat g\u00e9n\u00e9ral oblige parfois \u00e0 faire certaines concessions, \u00e0 d\u00e9passer les int\u00e9r\u00eats personnels et, finalement, \u00e0 jouer collectif.<\/strong><\/p>\n\n\n\n<p class=\"has-small-font-size\"><strong>Et je veux saluer les efforts accomplis par chacun, avec en premi\u00e8re ligne tous les pr\u00e9sidents des sections et de l\u2019ASM.<\/strong><\/p>\n\n\n\n<p class=\"has-small-font-size\">Le sport, c\u2019est l\u2019\u00e9cole de la vie, car c\u2019est l\u2019\u00e9cole de la volont\u00e9 et du d\u00e9passement de soi.<\/p>\n\n\n\n<p class=\"has-small-font-size\"><strong>Nous pouvons TOUS \u00eatre fiers de notre apport, par le vecteur du Sport, \u00e0 la communaut\u00e9.<\/strong><\/p>\n\n\n\n<p class=\"has-small-font-size\"><strong>Que les diff\u00e9rentes sections sportives continuent \u00e0 nourrir nos r\u00eaves et \u00e0 perp\u00e9tuer de l\u2019enthousiasme et de l\u2019envie.<\/strong><\/p>\n\n\n\n<p class=\"has-text-align-right has-small-font-size\"><strong>&nbsp;<\/strong>Omer ZINSOU, Pr\u00e9sident A. S. Marcoussis<\/p>\n\n\n\n<div class=\"wp-block-buttons is-content-justification-center is-layout-flex wp-container-core-buttons-is-layout-a89b3969 wp-block-buttons-is-layout-flex\">\n<div class=\"wp-block-button\"><a class=\"wp-block-button__link wp-element-button\" href=\"https:\/\/asmarcoussis.com\/?page_id=62\">En savoir plus<\/a><\/div>\n<\/div>\n<\/div>\n<\/div>\n\n\n\n<p><\/p>\n","protected":false},"excerpt":{"rendered":"<p>Le Mot du Pr\u00e9sident \u00ab Donner, recevoir, partager : ces vertus fondamentales du sportif sont de toutes les modes, de toutes les \u00e9poques. Elles sont le Sport. \u00bb&nbsp;Aim\u00e9 JACQUET. Tout au long de ces 76 ans d&rsquo;existence, l\u2019A. S. Marcoussis (ASM) les a appliqu\u00e9 avec constance.Ce qui a aid\u00e9 notre association \u00e0 grandir et \u00e0 [&hellip;]<\/p>\n","protected":false},"author":1,"featured_media":0,"parent":0,"menu_order":0,"comment_status":"closed","ping_status":"closed","template":"","meta":{"footnotes":""},"class_list":["post-10","page","type-page","status-publish","hentry"],"_links":{"self":[{"href":"https:\/\/asmarcoussis.com\/index.php?rest_route=\/wp\/v2\/pages\/10","targetHints":{"allow":["GET"]}}],"collection":[{"href":"https:\/\/asmarcoussis.com\/index.php?rest_route=\/wp\/v2\/pages"}],"about":[{"href":"https:\/\/asmarcoussis.com\/index.php?rest_route=\/wp\/v2\/types\/page"}],"author":[{"embeddable":true,"href":"https:\/\/asmarcoussis.com\/index.php?rest_route=\/wp\/v2\/users\/1"}],"replies":[{"embeddable":true,"href":"https:\/\/asmarcoussis.com\/index.php?rest_route=%2Fwp%2Fv2%2Fcomments&post=10"}],"version-history":[{"count":64,"href":"https:\/\/asmarcoussis.com\/index.php?rest_route=\/wp\/v2\/pages\/10\/revisions"}],"predecessor-version":[{"id":648,"href":"https:\/\/asmarcoussis.com\/index.php?rest_route=\/wp\/v2\/pages\/10\/revisions\/648"}],"wp:attachment":[{"href":"https:\/\/asmarcoussis.com\/index.php?rest_route=%2Fwp%2Fv2%2Fmedia&parent=10"}],"curies":[{"name":"wp","href":"https:\/\/api.w.org\/{rel}","templated":true}]}}